{"id":854,"date":"2016-07-08T09:52:16","date_gmt":"2016-07-08T14:52:16","guid":{"rendered":"https:\/\/www.arcomusical.com\/?page_id=854&#038;lang=pt-br"},"modified":"2016-07-08T09:55:08","modified_gmt":"2016-07-08T14:55:08","slug":"sobre-arcomusical","status":"publish","type":"page","link":"https:\/\/www.arcomusical.com\/pt-br\/sobre-arcomusical\/","title":{"rendered":"Sobre Arcomusical"},"content":{"rendered":"<p>Arcomusical: um recurso multi-facetada para o berimbau afro-brasileira dedicada \u00e0 composi\u00e7\u00e3o, performance, publica\u00e7\u00e3o, pesquisa e constru\u00e7\u00e3o da comunidade.<\/p>\n<p>O berimbau \u00e9 um membro do &#8220;arco&#8221; a fam\u00edlia de instrumentos musicais encontrados em todo o mundo. Seus parentes mais pr\u00f3ximos s\u00e3o encontrados no sul da \u00c1frica, especificamente nos pa\u00edses de l\u00edngua Portugu\u00eas de Angola (por exemplo Hungo e mblumbumba) e Mo\u00e7ambique (por exemplo xitende).<\/p>\n<p>Arcomusical desenvolveu uma cultura vibrante para o desempenho berimbau criativo. Atrav\u00e9s de transcri\u00e7\u00e3o, composi\u00e7\u00e3o, colabora\u00e7\u00e3o e comiss\u00f5es de novas obras, Arcomusical coloca o berimbau em diversos contextos de desempenho. At\u00e9 \u00e0 data, Arcomusical criou mais de trinta novas obras para o berimbau.<\/p>\n<p>Tendo criado um repert\u00f3rio diverso e substancial para o desempenho berimbau contempor\u00e2neo, Arcomusical tornou-se uma entidade de publica\u00e7\u00e3o oferecendo pontua\u00e7\u00e3o variando de solos para sextetos, de concertos para conjuntos mistos, e de ac\u00fastica para ambientes multi-media fixas e interativos.<\/p>\n<p>Arcomusical come\u00e7ou em 1999, quando seu Director, Gregory Beyer, apaixonou-se com o berimbau via a m\u00fasica do famoso percussionista brasileiro, Nan\u00e1 Vasconcelos. O que come\u00e7ou como uma simples transcri\u00e7\u00e3o de uma faixa da grava\u00e7\u00e3o ECM 1980 Vasconcelos, &#8220;Saudades&#8221; gradualmente floresceu em uma 200+ p\u00e1gina tese DMA. Conclu\u00edda em 2004, a tese discute o berimbau em tr\u00eas contextos musicais: brasileiros, africanos, e contempor\u00e2neos. Em 2007, Beyer viajou para Recife para conduzir uma entrevista com Vasconcelos, que foi posteriormente publicado em Percussive Notes, revista da Sociedade da Percussive Arts pesquisa.<\/p>\n<p>Arcomusical \u00e9 agora um local central para uma comunidade global interessados em pesquisa e criativos usos para o berimbau na capoeira e al\u00e9m. No Brasil, os Estados Unidos e ao redor do globo, Arcomusical est\u00e1 criando conex\u00f5es importantes dentro do mundo da Capoeira Angola e entre o c\u00edrculo em expans\u00e3o de m\u00fasicos criativos que usam o berimbau como principal ve\u00edculo de express\u00e3o.<\/p>\n","protected":false},"excerpt":{"rendered":"<p>Arcomusical: um recurso multi-facetada para o berimbau afro-brasileira dedicada \u00e0 composi\u00e7\u00e3o, performance, publica\u00e7\u00e3o, pesquisa e constru\u00e7\u00e3o da comunidade. O berimbau \u00e9 um membro do &#8220;arco&#8221; a fam\u00edlia de instrumentos musicais [&hellip;]<\/p>\n","protected":false},"author":3,"featured_media":390,"parent":0,"menu_order":0,"comment_status":"open","ping_status":"open","template":"","meta":{"_acf_changed":false,"footnotes":""},"class_list":["post-854","page","type-page","status-publish","has-post-thumbnail","hentry"],"acf":[],"_links":{"self":[{"href":"https:\/\/www.arcomusical.com\/pt-br\/wp-json\/wp\/v2\/pages\/854","targetHints":{"allow":["GET"]}}],"collection":[{"href":"https:\/\/www.arcomusical.com\/pt-br\/wp-json\/wp\/v2\/pages"}],"about":[{"href":"https:\/\/www.arcomusical.com\/pt-br\/wp-json\/wp\/v2\/types\/page"}],"author":[{"embeddable":true,"href":"https:\/\/www.arcomusical.com\/pt-br\/wp-json\/wp\/v2\/users\/3"}],"replies":[{"embeddable":true,"href":"https:\/\/www.arcomusical.com\/pt-br\/wp-json\/wp\/v2\/comments?post=854"}],"version-history":[{"count":0,"href":"https:\/\/www.arcomusical.com\/pt-br\/wp-json\/wp\/v2\/pages\/854\/revisions"}],"wp:featuredmedia":[{"embeddable":true,"href":"https:\/\/www.arcomusical.com\/pt-br\/wp-json\/wp\/v2\/media\/390"}],"wp:attachment":[{"href":"https:\/\/www.arcomusical.com\/pt-br\/wp-json\/wp\/v2\/media?parent=854"}],"curies":[{"name":"wp","href":"https:\/\/api.w.org\/{rel}","templated":true}]}}