{"id":2151,"date":"2017-12-28T12:52:32","date_gmt":"2017-12-28T18:52:32","guid":{"rendered":"https:\/\/www.arcomusical.com\/?page_id=2151"},"modified":"2018-01-06T08:09:21","modified_gmt":"2018-01-06T14:09:21","slug":"eventos","status":"publish","type":"page","link":"https:\/\/www.arcomusical.com\/pt-br\/arcomusical-brasil\/eventos\/","title":{"rendered":"Eventos"},"content":{"rendered":"<h2 style=\"text-align: center;\">Pr\u00f3ximos eventos<\/h2>\n<hr \/>\n<h2 style=\"text-align: center;\">Janeiro 2018<\/h2>\n<h3><\/h3>\n<h3>Arcomusical Brasil no VAC 2018<\/h3>\n<h4>Data: 28\/01\/2018<\/h4>\n<h4>Hor\u00e1rio: 19h<\/h4>\n<h4>Local: Centro Cultural Banco do Brasil, Sala Multiuso<\/h4>\n<p><img fetchpriority=\"high\" decoding=\"async\" class=\"size-medium wp-image-2142 alignleft\" src=\"https:\/\/www.arcomusical.com\/wp-content\/uploads\/2017\/12\/IMG_5874-300x200.jpg\" alt=\"\" width=\"300\" height=\"200\" srcset=\"https:\/\/www.arcomusical.com\/wp-content\/uploads\/2017\/12\/IMG_5874-300x200.jpg 300w, https:\/\/www.arcomusical.com\/wp-content\/uploads\/2017\/12\/IMG_5874-281x187.jpg 281w, https:\/\/www.arcomusical.com\/wp-content\/uploads\/2017\/12\/IMG_5874-600x400.jpg 600w, https:\/\/www.arcomusical.com\/wp-content\/uploads\/2017\/12\/IMG_5874-768x512.jpg 768w, https:\/\/www.arcomusical.com\/wp-content\/uploads\/2017\/12\/IMG_5874-1024x683.jpg 1024w\" sizes=\"(max-width: 300px) 100vw, 300px\" \/><\/p>\n<p>&nbsp;<\/p>\n<p>&nbsp;<\/p>\n<p>&nbsp;<\/p>\n<p>&nbsp;<\/p>\n<p>&nbsp;<\/p>\n<p>&nbsp;<\/p>\n<p>Destacar o berimbau da roda de capoeira e explor\u00e1-lo \u00e0 exaust\u00e3o, sempre respeitando e valorizando sua origem e sua hist\u00f3ria de resist\u00eancia, buscando suas riquezas timbr\u00edsticas e harm\u00f4nicas. Essa \u00e9 a proposta art\u00edstica do Arcomusical Brasil, grupo de berimbaus formado por seis m\u00fasicos mineiros que constroem suas carreiras transitando entre a m\u00fasica instrumental de concerto e a m\u00fasica popular.<\/p>\n<p>&nbsp;<\/p>\n","protected":false},"excerpt":{"rendered":"<p>Pr\u00f3ximos eventos Janeiro 2018 Arcomusical Brasil no VAC 2018 Data: 28\/01\/2018 Hor\u00e1rio: 19h Local: Centro Cultural Banco do Brasil, Sala Multiuso &nbsp; &nbsp; &nbsp; &nbsp; &nbsp; &nbsp; Destacar o berimbau [&hellip;]<\/p>\n","protected":false},"author":4,"featured_media":0,"parent":1856,"menu_order":0,"comment_status":"closed","ping_status":"closed","template":"","meta":{"_acf_changed":false,"footnotes":""},"class_list":["post-2151","page","type-page","status-publish","hentry"],"acf":[],"_links":{"self":[{"href":"https:\/\/www.arcomusical.com\/pt-br\/wp-json\/wp\/v2\/pages\/2151","targetHints":{"allow":["GET"]}}],"collection":[{"href":"https:\/\/www.arcomusical.com\/pt-br\/wp-json\/wp\/v2\/pages"}],"about":[{"href":"https:\/\/www.arcomusical.com\/pt-br\/wp-json\/wp\/v2\/types\/page"}],"author":[{"embeddable":true,"href":"https:\/\/www.arcomusical.com\/pt-br\/wp-json\/wp\/v2\/users\/4"}],"replies":[{"embeddable":true,"href":"https:\/\/www.arcomusical.com\/pt-br\/wp-json\/wp\/v2\/comments?post=2151"}],"version-history":[{"count":0,"href":"https:\/\/www.arcomusical.com\/pt-br\/wp-json\/wp\/v2\/pages\/2151\/revisions"}],"up":[{"embeddable":true,"href":"https:\/\/www.arcomusical.com\/pt-br\/wp-json\/wp\/v2\/pages\/1856"}],"wp:attachment":[{"href":"https:\/\/www.arcomusical.com\/pt-br\/wp-json\/wp\/v2\/media?parent=2151"}],"curies":[{"name":"wp","href":"https:\/\/api.w.org\/{rel}","templated":true}]}}