{"id":2130,"date":"2017-12-27T11:57:38","date_gmt":"2017-12-27T17:57:38","guid":{"rendered":"https:\/\/www.arcomusical.com\/?page_id=2130"},"modified":"2018-01-06T07:26:51","modified_gmt":"2018-01-06T13:26:51","slug":"jose-henrique","status":"publish","type":"page","link":"https:\/\/www.arcomusical.com\/pt-br\/jose-henrique\/","title":{"rendered":"Jos\u00e9 Henrique"},"content":{"rendered":"<p><img fetchpriority=\"high\" decoding=\"async\" class=\"alignnone size-medium wp-image-2126\" src=\"https:\/\/www.arcomusical.com\/wp-content\/uploads\/2017\/12\/26156255_2046541508894847_4090268531902382080_n-300x300.jpg\" alt=\"\" width=\"300\" height=\"300\" srcset=\"https:\/\/www.arcomusical.com\/wp-content\/uploads\/2017\/12\/26156255_2046541508894847_4090268531902382080_n-300x300.jpg 300w, https:\/\/www.arcomusical.com\/wp-content\/uploads\/2017\/12\/26156255_2046541508894847_4090268531902382080_n-281x281.jpg 281w, https:\/\/www.arcomusical.com\/wp-content\/uploads\/2017\/12\/26156255_2046541508894847_4090268531902382080_n-100x100.jpg 100w, https:\/\/www.arcomusical.com\/wp-content\/uploads\/2017\/12\/26156255_2046541508894847_4090268531902382080_n-600x600.jpg 600w, https:\/\/www.arcomusical.com\/wp-content\/uploads\/2017\/12\/26156255_2046541508894847_4090268531902382080_n-150x150.jpg 150w, https:\/\/www.arcomusical.com\/wp-content\/uploads\/2017\/12\/26156255_2046541508894847_4090268531902382080_n.jpg 640w\" sizes=\"(max-width: 300px) 100vw, 300px\" \/><\/p>\n<h2>BIO:<\/h2>\n<p>Jos\u00e9 Henrique \u00e9 percussionista da Orquestra Sinf\u00f4nica de Minas Ferais e graduado em percuss\u00e3o pela Universidade Federal de Minas Gerais sob a orienta\u00e7\u00e3o do prof. Fernando Rocha. Iniciou seus estudos em 2008 na Funda\u00e7\u00e3o de Educa\u00e7\u00e3o Art\u00edstica onde trabalhou t\u00edmpanos e percuss\u00e3o com Alu\u00edsio Brant e composi\u00e7\u00e3o com S\u00e9rgio Rodrigo. Entre 2009 e 2013 foi membro do Grupo de Percuss\u00e3o da UFMG com o qual fez turn\u00eas em diversas cidades do Brasil e dos EUA, inclusive tocando composi\u00e7\u00f5es pr\u00f3prias na Percussive Arts Society International Convention em Indian\u00e1polis, EUA.\u00a0Gerais. Al\u00e9m de integrar o quadro de m\u00fasicos da Orquestra Sinf\u00f4nica de Minas Gerais participa tamb\u00e9m de diversos grupos de m\u00fasica experimental, entre eles o grupo Tectum, o trio Signum e o grupo Arcomusical Brasil. J\u00e1 gravou os discos &#8220;Pra l\u00e1 do l\u00e1&#8221; para a Corpo Escola de Dan\u00e7a, &#8220;Eduardo B\u00e9rtola&#8221; com o grupo Oficina M\u00fasica Viva, &#8220;Marimbaia&#8221; de Leandro C\u00e9sar e &#8220;Planet\u00e1rio&#8221; com o grupo UAKTI, grupo que teve a oportunidade de tocar durante o ano de 2015. No fim de 2016 foi vencedor do concurso nacional PAS de percuss\u00e3o orquestral. Em 2017 foi finalista de Mock Audition da Percussive Arts Society International Convention em Indian\u00e1polis, EUA.<\/p>\n<p>Atualmente \u00e9 aluno do programa de mestrado da Escola de M\u00fasica da UFMG, onde desenvolve uma pesquisa sobre novas linguagens para o berimbau.<\/p>\n<p>&nbsp;<\/p>\n","protected":false},"excerpt":{"rendered":"<p>BIO: Jos\u00e9 Henrique \u00e9 percussionista da Orquestra Sinf\u00f4nica de Minas Ferais e graduado em percuss\u00e3o pela Universidade Federal de Minas Gerais sob a orienta\u00e7\u00e3o do prof. Fernando Rocha. Iniciou seus [&hellip;]<\/p>\n","protected":false},"author":4,"featured_media":0,"parent":0,"menu_order":0,"comment_status":"closed","ping_status":"closed","template":"","meta":{"_acf_changed":false,"footnotes":""},"class_list":["post-2130","page","type-page","status-publish","hentry"],"acf":[],"_links":{"self":[{"href":"https:\/\/www.arcomusical.com\/pt-br\/wp-json\/wp\/v2\/pages\/2130","targetHints":{"allow":["GET"]}}],"collection":[{"href":"https:\/\/www.arcomusical.com\/pt-br\/wp-json\/wp\/v2\/pages"}],"about":[{"href":"https:\/\/www.arcomusical.com\/pt-br\/wp-json\/wp\/v2\/types\/page"}],"author":[{"embeddable":true,"href":"https:\/\/www.arcomusical.com\/pt-br\/wp-json\/wp\/v2\/users\/4"}],"replies":[{"embeddable":true,"href":"https:\/\/www.arcomusical.com\/pt-br\/wp-json\/wp\/v2\/comments?post=2130"}],"version-history":[{"count":0,"href":"https:\/\/www.arcomusical.com\/pt-br\/wp-json\/wp\/v2\/pages\/2130\/revisions"}],"wp:attachment":[{"href":"https:\/\/www.arcomusical.com\/pt-br\/wp-json\/wp\/v2\/media?parent=2130"}],"curies":[{"name":"wp","href":"https:\/\/api.w.org\/{rel}","templated":true}]}}