{"id":2129,"date":"2017-12-27T11:55:41","date_gmt":"2017-12-27T17:55:41","guid":{"rendered":"https:\/\/www.arcomusical.com\/?page_id=2129"},"modified":"2018-01-06T07:22:09","modified_gmt":"2018-01-06T13:22:09","slug":"breno-braganca","status":"publish","type":"page","link":"https:\/\/www.arcomusical.com\/pt-br\/breno-braganca\/","title":{"rendered":"Breno Bragan\u00e7a"},"content":{"rendered":"<p><img fetchpriority=\"high\" decoding=\"async\" class=\"alignnone size-medium wp-image-2122\" src=\"https:\/\/www.arcomusical.com\/wp-content\/uploads\/2017\/12\/25037666_1993922284209725_7683839630919073792_n-300x300.jpg\" alt=\"\" width=\"300\" height=\"300\" srcset=\"https:\/\/www.arcomusical.com\/wp-content\/uploads\/2017\/12\/25037666_1993922284209725_7683839630919073792_n-300x300.jpg 300w, https:\/\/www.arcomusical.com\/wp-content\/uploads\/2017\/12\/25037666_1993922284209725_7683839630919073792_n-281x281.jpg 281w, https:\/\/www.arcomusical.com\/wp-content\/uploads\/2017\/12\/25037666_1993922284209725_7683839630919073792_n-100x100.jpg 100w, https:\/\/www.arcomusical.com\/wp-content\/uploads\/2017\/12\/25037666_1993922284209725_7683839630919073792_n-600x600.jpg 600w, https:\/\/www.arcomusical.com\/wp-content\/uploads\/2017\/12\/25037666_1993922284209725_7683839630919073792_n-150x150.jpg 150w, https:\/\/www.arcomusical.com\/wp-content\/uploads\/2017\/12\/25037666_1993922284209725_7683839630919073792_n.jpg 640w\" sizes=\"(max-width: 300px) 100vw, 300px\" \/><\/p>\n<h3>Bio:<\/h3>\n<p>Breno Bragan\u00e7a \u00e9 aluno de doutorado na Universidade Federal de Minas Gerais com orienta\u00e7\u00e3o do Prof. Dr. S\u00e9rgio Freire, e mestre pela Universidade Federal de Goi\u00e1s, onde foi bolsista da FAPEG. \u00c9 bacharel em percuss\u00e3o pela Universidade Federal de Minas Gerais, na classe do Prof. Dr. Fernando Rocha, onde foi bolsista do CNPq. Atua como m\u00fasico percussionista convidado em orquestras como Orquestra Filarm\u00f4nica de Goi\u00e1s (gravando dois CDs), Orquestra Filarm\u00f4nica de Minas Gerais, Orquestra Sinf\u00f4nica de Minas Gerais e em grupos de m\u00fasica de c\u00e2mara sob a reg\u00eancia de maestros como Neil Thomson, F\u00e1bio Mechetti, Isaac Karabtchevsky e Catherine Larsen-Maguire. Desenvolve pesquisa e performance de repert\u00f3rio de m\u00fasica contempor\u00e2nea, realizando concertos nos Estados Unidos e em diversas cidades do Brasil e vem desenvolvendo um trabalho de pesquisa em performance de obras para percuss\u00e3o e media\u00e7\u00e3o tecnol\u00f3gica. Participou de primeiras audi\u00e7\u00f5es de obras de compositores como Iannis Xenakis, John Luther Adams, Maur\u00edcio Kagel, Jo\u00e3o Pedro de Oliveira e Baljinder Sekhon. \u00c9 membro fundador do Grupo Tectum, que pesquisa a performance de obras para percuss\u00e3o e media\u00e7\u00e3o tecnol\u00f3gica, al\u00e9m de trabalhar em composi\u00e7\u00f5es pr\u00f3prias.<\/p>\n","protected":false},"excerpt":{"rendered":"<p>Bio: Breno Bragan\u00e7a \u00e9 aluno de doutorado na Universidade Federal de Minas Gerais com orienta\u00e7\u00e3o do Prof. Dr. S\u00e9rgio Freire, e mestre pela Universidade Federal de Goi\u00e1s, onde foi bolsista [&hellip;]<\/p>\n","protected":false},"author":4,"featured_media":0,"parent":0,"menu_order":0,"comment_status":"closed","ping_status":"closed","template":"","meta":{"_acf_changed":false,"footnotes":""},"class_list":["post-2129","page","type-page","status-publish","hentry"],"acf":[],"_links":{"self":[{"href":"https:\/\/www.arcomusical.com\/pt-br\/wp-json\/wp\/v2\/pages\/2129","targetHints":{"allow":["GET"]}}],"collection":[{"href":"https:\/\/www.arcomusical.com\/pt-br\/wp-json\/wp\/v2\/pages"}],"about":[{"href":"https:\/\/www.arcomusical.com\/pt-br\/wp-json\/wp\/v2\/types\/page"}],"author":[{"embeddable":true,"href":"https:\/\/www.arcomusical.com\/pt-br\/wp-json\/wp\/v2\/users\/4"}],"replies":[{"embeddable":true,"href":"https:\/\/www.arcomusical.com\/pt-br\/wp-json\/wp\/v2\/comments?post=2129"}],"version-history":[{"count":0,"href":"https:\/\/www.arcomusical.com\/pt-br\/wp-json\/wp\/v2\/pages\/2129\/revisions"}],"wp:attachment":[{"href":"https:\/\/www.arcomusical.com\/pt-br\/wp-json\/wp\/v2\/media?parent=2129"}],"curies":[{"name":"wp","href":"https:\/\/api.w.org\/{rel}","templated":true}]}}