{"id":2128,"date":"2017-12-27T11:34:24","date_gmt":"2017-12-27T17:34:24","guid":{"rendered":"https:\/\/www.arcomusical.com\/?page_id=2128"},"modified":"2018-02-08T07:35:53","modified_gmt":"2018-02-08T13:35:53","slug":"daniela-oliveira","status":"publish","type":"page","link":"https:\/\/www.arcomusical.com\/pt-br\/daniela-oliveira\/","title":{"rendered":"Daniela Oliveira"},"content":{"rendered":"<p><img fetchpriority=\"high\" decoding=\"async\" class=\"alignnone size-medium wp-image-2124\" src=\"https:\/\/www.arcomusical.com\/wp-content\/uploads\/2017\/12\/26071891_1219550098146363_6836485713479860224_n-300x300.jpg\" alt=\"\" width=\"300\" height=\"300\" srcset=\"https:\/\/www.arcomusical.com\/wp-content\/uploads\/2017\/12\/26071891_1219550098146363_6836485713479860224_n-300x300.jpg 300w, https:\/\/www.arcomusical.com\/wp-content\/uploads\/2017\/12\/26071891_1219550098146363_6836485713479860224_n-281x281.jpg 281w, https:\/\/www.arcomusical.com\/wp-content\/uploads\/2017\/12\/26071891_1219550098146363_6836485713479860224_n-100x100.jpg 100w, https:\/\/www.arcomusical.com\/wp-content\/uploads\/2017\/12\/26071891_1219550098146363_6836485713479860224_n-600x600.jpg 600w, https:\/\/www.arcomusical.com\/wp-content\/uploads\/2017\/12\/26071891_1219550098146363_6836485713479860224_n-150x150.jpg 150w, https:\/\/www.arcomusical.com\/wp-content\/uploads\/2017\/12\/26071891_1219550098146363_6836485713479860224_n.jpg 640w\" sizes=\"(max-width: 300px) 100vw, 300px\" \/><\/p>\n<p>&nbsp;<\/p>\n<h2>BIO:<\/h2>\n<p style=\"font-weight: 400;\">Daniela Oliveira \u00e9 percussionista-pesquisadora voltada para pesquisa em Performance Musical. Sua pesquisa \u00e9 sobre a interdisciplinaridade entre m\u00fasica e outras artes performativas, bem como sobre a forma\u00e7\u00e3o do instrumentista enquanto suas habilidades interpretativas e concep\u00e7\u00e3o de performance. Em sua forma\u00e7\u00e3o acad\u00eamica dedicou-se ao estudo de teclados de percuss\u00e3o (em especial \u00e0 marimba) e \u00e0 m\u00fasica c\u00eanica. Voltou-se tamb\u00e9m para pr\u00e1tica de m\u00fasica de c\u00e2mara contempor\u00e2nea\u00a0e experimental para diversas forma\u00e7\u00f5es instrumentais, al\u00e9m de atuar em grupos e trios de percuss\u00e3o no Brasil tais como: o Grupo PIAP (S\u00e3o Paulo), Grupo de Percuss\u00e3o da UFMG e Trio Signum (Minas Gerais). \u00c9 mestre pela Universidade Federal de Minas Gerais (UFMG), com bolsa CAPES e, Bacharel em Percuss\u00e3o pela Universidade Estadual Paulista UNESP).<\/p>\n","protected":false},"excerpt":{"rendered":"<p>&nbsp; BIO: Daniela Oliveira \u00e9 percussionista-pesquisadora voltada para pesquisa em Performance Musical. Sua pesquisa \u00e9 sobre a interdisciplinaridade entre m\u00fasica e outras artes performativas, bem como sobre a forma\u00e7\u00e3o do [&hellip;]<\/p>\n","protected":false},"author":4,"featured_media":0,"parent":0,"menu_order":0,"comment_status":"closed","ping_status":"closed","template":"","meta":{"_acf_changed":false,"footnotes":""},"class_list":["post-2128","page","type-page","status-publish","hentry"],"acf":[],"_links":{"self":[{"href":"https:\/\/www.arcomusical.com\/pt-br\/wp-json\/wp\/v2\/pages\/2128","targetHints":{"allow":["GET"]}}],"collection":[{"href":"https:\/\/www.arcomusical.com\/pt-br\/wp-json\/wp\/v2\/pages"}],"about":[{"href":"https:\/\/www.arcomusical.com\/pt-br\/wp-json\/wp\/v2\/types\/page"}],"author":[{"embeddable":true,"href":"https:\/\/www.arcomusical.com\/pt-br\/wp-json\/wp\/v2\/users\/4"}],"replies":[{"embeddable":true,"href":"https:\/\/www.arcomusical.com\/pt-br\/wp-json\/wp\/v2\/comments?post=2128"}],"version-history":[{"count":0,"href":"https:\/\/www.arcomusical.com\/pt-br\/wp-json\/wp\/v2\/pages\/2128\/revisions"}],"wp:attachment":[{"href":"https:\/\/www.arcomusical.com\/pt-br\/wp-json\/wp\/v2\/media?parent=2128"}],"curies":[{"name":"wp","href":"https:\/\/api.w.org\/{rel}","templated":true}]}}