{"id":1856,"date":"2017-08-31T00:18:31","date_gmt":"2017-08-31T05:18:31","guid":{"rendered":"https:\/\/www.arcomusical.com\/pt-br\/?page_id=1856"},"modified":"2019-09-01T11:00:06","modified_gmt":"2019-09-01T16:00:06","slug":"arcomusical-brasil","status":"publish","type":"page","link":"https:\/\/www.arcomusical.com\/pt-br\/arcomusical-brasil\/","title":{"rendered":"Arcomusical Brasil"},"content":{"rendered":"<p>(E \u00e0 D: Nat\u00e1lia Mitre, Breno Bragan\u00e7a, Mateus Oliveira, Z\u00e9 Henrique Soares, Daniela Oliveira, Rafael Matos. Fevereiro 2018, Belo Horizonte, MG, Brasil. Cr\u00e9dito da foto: Tiago Mouro)<\/p>\n<hr \/>\n<p><iframe src=\"https:\/\/www.youtube.com\/embed\/wTj4zMRZIzA\" width=\"1120\" height=\"630\" frameborder=\"0\" allowfullscreen=\"allowfullscreen\" data-mce-fragment=\"1\"><\/iframe><\/p>\n<hr \/>\n<h1>Membros:<\/h1>\n<div class=\"widget widget_woothemes_our_team\">\n<div class=\"team-members component columns-3 effect-fade\">\n<div itemscope itemtype=\"http:\/\/schema.org\/Person\" class=\"team-member first\"><a href=\"https:\/\/www.arcomusical.com\/pt-br\/alex-fraga\/\" target=\"_blank\"><figure itemprop=\"image\"><img decoding=\"async\" width=\"200\" height=\"200\" src=\"https:\/\/www.arcomusical.com\/wp-content\/uploads\/2017\/08\/Alex-e1504244001893-281x281.jpg\" class=\"avatar wp-post-image\" alt=\"\" srcset=\"https:\/\/www.arcomusical.com\/wp-content\/uploads\/2017\/08\/Alex-e1504244001893-281x281.jpg 281w, https:\/\/www.arcomusical.com\/wp-content\/uploads\/2017\/08\/Alex-e1504244001893-100x100.jpg 100w, https:\/\/www.arcomusical.com\/wp-content\/uploads\/2017\/08\/Alex-e1504244001893-600x600.jpg 600w, https:\/\/www.arcomusical.com\/wp-content\/uploads\/2017\/08\/Alex-e1504244001893.jpg 715w\" sizes=\"(max-width: 200px) 100vw, 200px\" \/><\/figure><\/a> <h3 itemprop=\"name\" class=\"member\"><a href=\"https:\/\/www.arcomusical.com\/pt-br\/alex-fraga\/\" target=\"_blank\">\nAlex Fraga<\/a>\n<\/h3><!--\/.member-->\n <div id=\"team-member-1858\"  class=\"team-member-text\" itemprop=\"description\"> <ul class=\"author-details\"><\/ul><\/div><\/div><div itemscope itemtype=\"http:\/\/schema.org\/Person\" class=\"team-member\"><a href=\"https:\/\/www.arcomusical.com\/pt-br\/breno-braganca\/\" target=\"_blank\"><figure itemprop=\"image\"><img decoding=\"async\" width=\"200\" height=\"200\" src=\"https:\/\/www.arcomusical.com\/wp-content\/uploads\/2017\/12\/25037666_1993922284209725_7683839630919073792_n-281x281.jpg\" class=\"avatar wp-post-image\" alt=\"\" srcset=\"https:\/\/www.arcomusical.com\/wp-content\/uploads\/2017\/12\/25037666_1993922284209725_7683839630919073792_n-281x281.jpg 281w, https:\/\/www.arcomusical.com\/wp-content\/uploads\/2017\/12\/25037666_1993922284209725_7683839630919073792_n-100x100.jpg 100w, https:\/\/www.arcomusical.com\/wp-content\/uploads\/2017\/12\/25037666_1993922284209725_7683839630919073792_n-600x600.jpg 600w, https:\/\/www.arcomusical.com\/wp-content\/uploads\/2017\/12\/25037666_1993922284209725_7683839630919073792_n-150x150.jpg 150w, https:\/\/www.arcomusical.com\/wp-content\/uploads\/2017\/12\/25037666_1993922284209725_7683839630919073792_n-300x300.jpg 300w, https:\/\/www.arcomusical.com\/wp-content\/uploads\/2017\/12\/25037666_1993922284209725_7683839630919073792_n.jpg 640w\" sizes=\"(max-width: 200px) 100vw, 200px\" \/><\/figure><\/a> <h3 itemprop=\"name\" class=\"member\"><a href=\"https:\/\/www.arcomusical.com\/pt-br\/breno-braganca\/\" target=\"_blank\">\nBreno Bragan\u00e7a<\/a>\n<\/h3><!--\/.member-->\n <div id=\"team-member-2133\"  class=\"team-member-text\" itemprop=\"description\"> <ul class=\"author-details\"><\/ul><\/div><\/div><div itemscope itemtype=\"http:\/\/schema.org\/Person\" class=\"team-member last\"><a href=\"https:\/\/www.arcomusical.com\/pt-br\/daniela-oliveira\/\" target=\"_blank\"><figure itemprop=\"image\"><img decoding=\"async\" width=\"200\" height=\"200\" src=\"https:\/\/www.arcomusical.com\/wp-content\/uploads\/2017\/12\/26071891_1219550098146363_6836485713479860224_n-281x281.jpg\" class=\"avatar wp-post-image\" alt=\"\" srcset=\"https:\/\/www.arcomusical.com\/wp-content\/uploads\/2017\/12\/26071891_1219550098146363_6836485713479860224_n-281x281.jpg 281w, https:\/\/www.arcomusical.com\/wp-content\/uploads\/2017\/12\/26071891_1219550098146363_6836485713479860224_n-100x100.jpg 100w, https:\/\/www.arcomusical.com\/wp-content\/uploads\/2017\/12\/26071891_1219550098146363_6836485713479860224_n-600x600.jpg 600w, https:\/\/www.arcomusical.com\/wp-content\/uploads\/2017\/12\/26071891_1219550098146363_6836485713479860224_n-150x150.jpg 150w, https:\/\/www.arcomusical.com\/wp-content\/uploads\/2017\/12\/26071891_1219550098146363_6836485713479860224_n-300x300.jpg 300w, https:\/\/www.arcomusical.com\/wp-content\/uploads\/2017\/12\/26071891_1219550098146363_6836485713479860224_n.jpg 640w\" sizes=\"(max-width: 200px) 100vw, 200px\" \/><\/figure><\/a> <h3 itemprop=\"name\" class=\"member\"><a href=\"https:\/\/www.arcomusical.com\/pt-br\/daniela-oliveira\/\" target=\"_blank\">\nDaniela Oliveira<\/a>\n<\/h3><!--\/.member-->\n <div id=\"team-member-1860\"  class=\"team-member-text\" itemprop=\"description\"> <ul class=\"author-details\"><\/ul><\/div><\/div><div itemscope itemtype=\"http:\/\/schema.org\/Person\" class=\"team-member first\"><a href=\"https:\/\/www.arcomusical.com\/pt-br\/jose-henrique\/\" target=\"_blank\"><figure itemprop=\"image\"><img loading=\"lazy\" decoding=\"async\" width=\"200\" height=\"200\" src=\"https:\/\/www.arcomusical.com\/wp-content\/uploads\/2017\/12\/26156255_2046541508894847_4090268531902382080_n-281x281.jpg\" class=\"avatar wp-post-image\" alt=\"\" srcset=\"https:\/\/www.arcomusical.com\/wp-content\/uploads\/2017\/12\/26156255_2046541508894847_4090268531902382080_n-281x281.jpg 281w, https:\/\/www.arcomusical.com\/wp-content\/uploads\/2017\/12\/26156255_2046541508894847_4090268531902382080_n-100x100.jpg 100w, https:\/\/www.arcomusical.com\/wp-content\/uploads\/2017\/12\/26156255_2046541508894847_4090268531902382080_n-600x600.jpg 600w, https:\/\/www.arcomusical.com\/wp-content\/uploads\/2017\/12\/26156255_2046541508894847_4090268531902382080_n-150x150.jpg 150w, https:\/\/www.arcomusical.com\/wp-content\/uploads\/2017\/12\/26156255_2046541508894847_4090268531902382080_n-300x300.jpg 300w, https:\/\/www.arcomusical.com\/wp-content\/uploads\/2017\/12\/26156255_2046541508894847_4090268531902382080_n.jpg 640w\" sizes=\"(max-width: 200px) 100vw, 200px\" \/><\/figure><\/a> <h3 itemprop=\"name\" class=\"member\"><a href=\"https:\/\/www.arcomusical.com\/pt-br\/jose-henrique\/\" target=\"_blank\">\nJos\u00e9 Henrique<\/a>\n<\/h3><!--\/.member-->\n <div id=\"team-member-1859\"  class=\"team-member-text\" itemprop=\"description\"> <ul class=\"author-details\"><\/ul><\/div><\/div><div itemscope itemtype=\"http:\/\/schema.org\/Person\" class=\"team-member\"><a href=\"https:\/\/www.arcomusical.com\/pt-br\/mateus-oliveira\/\" target=\"_blank\"><figure itemprop=\"image\"><img loading=\"lazy\" decoding=\"async\" width=\"200\" height=\"200\" src=\"https:\/\/www.arcomusical.com\/wp-content\/uploads\/2017\/12\/25018351_578355289176926_48663336673345536_n-281x281.jpg\" class=\"avatar wp-post-image\" alt=\"\" srcset=\"https:\/\/www.arcomusical.com\/wp-content\/uploads\/2017\/12\/25018351_578355289176926_48663336673345536_n-281x281.jpg 281w, https:\/\/www.arcomusical.com\/wp-content\/uploads\/2017\/12\/25018351_578355289176926_48663336673345536_n-100x100.jpg 100w, https:\/\/www.arcomusical.com\/wp-content\/uploads\/2017\/12\/25018351_578355289176926_48663336673345536_n-600x600.jpg 600w, https:\/\/www.arcomusical.com\/wp-content\/uploads\/2017\/12\/25018351_578355289176926_48663336673345536_n-150x150.jpg 150w, https:\/\/www.arcomusical.com\/wp-content\/uploads\/2017\/12\/25018351_578355289176926_48663336673345536_n-300x300.jpg 300w, https:\/\/www.arcomusical.com\/wp-content\/uploads\/2017\/12\/25018351_578355289176926_48663336673345536_n.jpg 640w\" sizes=\"(max-width: 200px) 100vw, 200px\" \/><\/figure><\/a> <h3 itemprop=\"name\" class=\"member\"><a href=\"https:\/\/www.arcomusical.com\/pt-br\/mateus-oliveira\/\" target=\"_blank\">\nMateus Oliveira<\/a>\n<\/h3><!--\/.member-->\n <div id=\"team-member-1850\"  class=\"team-member-text\" itemprop=\"description\"> <ul class=\"author-details\"><\/ul><\/div><\/div><div itemscope itemtype=\"http:\/\/schema.org\/Person\" class=\"team-member last\"><a href=\"https:\/\/www.arcomusical.com\/pt-br\/natalia-mitre\/\" target=\"_blank\"><figure itemprop=\"image\"><img loading=\"lazy\" decoding=\"async\" width=\"200\" height=\"200\" src=\"https:\/\/www.arcomusical.com\/wp-content\/uploads\/2017\/12\/25011071_1551918694856175_4322419412696039424_n-281x281.jpg\" class=\"avatar wp-post-image\" alt=\"\" srcset=\"https:\/\/www.arcomusical.com\/wp-content\/uploads\/2017\/12\/25011071_1551918694856175_4322419412696039424_n-281x281.jpg 281w, https:\/\/www.arcomusical.com\/wp-content\/uploads\/2017\/12\/25011071_1551918694856175_4322419412696039424_n-100x100.jpg 100w, https:\/\/www.arcomusical.com\/wp-content\/uploads\/2017\/12\/25011071_1551918694856175_4322419412696039424_n-600x600.jpg 600w, https:\/\/www.arcomusical.com\/wp-content\/uploads\/2017\/12\/25011071_1551918694856175_4322419412696039424_n-150x150.jpg 150w, https:\/\/www.arcomusical.com\/wp-content\/uploads\/2017\/12\/25011071_1551918694856175_4322419412696039424_n-300x300.jpg 300w, https:\/\/www.arcomusical.com\/wp-content\/uploads\/2017\/12\/25011071_1551918694856175_4322419412696039424_n.jpg 640w\" sizes=\"(max-width: 200px) 100vw, 200px\" \/><\/figure><\/a> <h3 itemprop=\"name\" class=\"member\"><a href=\"https:\/\/www.arcomusical.com\/pt-br\/natalia-mitre\/\" target=\"_blank\">\nNat\u00e1lia Mitre<\/a>\n<\/h3><!--\/.member-->\n <div id=\"team-member-1864\"  class=\"team-member-text\" itemprop=\"description\"> <ul class=\"author-details\"><\/ul><\/div><\/div><div itemscope itemtype=\"http:\/\/schema.org\/Person\" class=\"team-member first\"><a href=\"https:\/\/www.arcomusical.com\/pt-br\/rafael-matos\/\" target=\"_blank\"><figure itemprop=\"image\"><img loading=\"lazy\" decoding=\"async\" width=\"200\" height=\"200\" src=\"https:\/\/www.arcomusical.com\/wp-content\/uploads\/2017\/12\/25015583_1583999104986823_7031631701512028160_n-281x281.jpg\" class=\"avatar wp-post-image\" alt=\"\" srcset=\"https:\/\/www.arcomusical.com\/wp-content\/uploads\/2017\/12\/25015583_1583999104986823_7031631701512028160_n-281x281.jpg 281w, https:\/\/www.arcomusical.com\/wp-content\/uploads\/2017\/12\/25015583_1583999104986823_7031631701512028160_n-100x100.jpg 100w, https:\/\/www.arcomusical.com\/wp-content\/uploads\/2017\/12\/25015583_1583999104986823_7031631701512028160_n-600x600.jpg 600w, https:\/\/www.arcomusical.com\/wp-content\/uploads\/2017\/12\/25015583_1583999104986823_7031631701512028160_n-150x150.jpg 150w, https:\/\/www.arcomusical.com\/wp-content\/uploads\/2017\/12\/25015583_1583999104986823_7031631701512028160_n-300x300.jpg 300w, https:\/\/www.arcomusical.com\/wp-content\/uploads\/2017\/12\/25015583_1583999104986823_7031631701512028160_n.jpg 640w\" sizes=\"(max-width: 200px) 100vw, 200px\" \/><\/figure><\/a> <h3 itemprop=\"name\" class=\"member\"><a href=\"https:\/\/www.arcomusical.com\/pt-br\/rafael-matos\/\" target=\"_blank\">\nRafael Matos<\/a>\n<\/h3><!--\/.member-->\n <div id=\"team-member-1862\"  class=\"team-member-text\" itemprop=\"description\"> <ul class=\"author-details\"><\/ul><\/div><\/div><\/div><!--\/.team-members-->\n<\/div>\n\n<hr \/>\n<p>O Projeto <strong>Arcomusical Brasil<\/strong> nasceu em 2016, como resultado de uma grande parceria colaborativa entre <a href=\"https:\/\/www.arcomusical.com\/greg-beyer\/\">Gregory Beyer<\/a> e alguns alunos e ex alunos do Grupo de Percuss\u00e3o da UFMG. Viajaram at\u00e9 a \u00c1frica do Sul para participar na confer\u00eancia internacional <a href=\"http:\/\/www.bowconference.com\/\">Bow Music Conference<\/a>, por um convite recebido por Beyer, onde\u00a0apresentaram as m\u00fasicas recentes do projeto MeiaMeia do <a href=\"https:\/\/www.arcomusical.com\/projeto-arcomusical\/\">Projeto Arcomusical<\/a>. As experi\u00eancias partilhadas\u00a0entre os m\u00fasicos na \u00c1frica foram inesquec\u00edveis, de maneira que criou um grande desejo de continuarem a apresentar concertos no nome de Arcomusical aqui no Brasil e ent\u00e3o\u00a0o grupo foi consolidado como <strong>Arcomusical Brasil<\/strong>. Em pouco tempo, o Projeto <strong>Arcomusical Brasil<\/strong> se apresentou\u00a0em Durban, \u00c1frica do Sul; \u00a0no Conservat\u00f3rio e na Escola da M\u00fasica da UFMG em Belo Horizonte; e nas Universidades Federais no S\u00e3o Jo\u00e3o del Rei e no Ouro Preto. Ganharam apoio do\u00a0\u00a0Projeto\u00a0M\u00fasica Minas para realizar a viagem \u00e0 \u00c1frica do Sul, e agora t\u00eam planos de desenvolver uma s\u00e9rie de pesquisas e apresenta\u00e7\u00f5es al\u00e9m da temporada 2016.<\/p>\n<hr \/>\n<p><iframe src=\"https:\/\/www.youtube.com\/embed\/rs_PdDu2ymQ\" width=\"560\" height=\"315\" frameborder=\"0\" allowfullscreen=\"allowfullscreen\" data-mce-fragment=\"1\"><\/iframe><\/p>\n<hr \/>\n<p><iframe src=\"https:\/\/w.soundcloud.com\/player\/?url=https%3A\/\/api.soundcloud.com\/playlists\/212280867&amp;color=c6641e&amp;auto_play=false&amp;hide_related=false&amp;show_comments=true&amp;show_user=true&amp;show_reposts=false\" width=\"100%\" height=\"450\" frameborder=\"no\" scrolling=\"no\" data-mce-fragment=\"1\"><\/iframe><\/p>\n<hr \/>\n<div id=\"attachment_6848\" style=\"width: 798px\" class=\"wp-caption alignnone\"><img loading=\"lazy\" decoding=\"async\" aria-describedby=\"caption-attachment-6848\" class=\" wp-image-6848\" src=\"https:\/\/www.arcomusical.com\/wp-content\/uploads\/2019\/08\/unnamed-300x200.jpg\" alt=\"\" width=\"788\" height=\"525\" srcset=\"https:\/\/www.arcomusical.com\/wp-content\/uploads\/2019\/08\/unnamed-300x200.jpg 300w, https:\/\/www.arcomusical.com\/wp-content\/uploads\/2019\/08\/unnamed-281x187.jpg 281w, https:\/\/www.arcomusical.com\/wp-content\/uploads\/2019\/08\/unnamed-600x400.jpg 600w, https:\/\/www.arcomusical.com\/wp-content\/uploads\/2019\/08\/unnamed-768x512.jpg 768w, https:\/\/www.arcomusical.com\/wp-content\/uploads\/2019\/08\/unnamed-1024x683.jpg 1024w, https:\/\/www.arcomusical.com\/wp-content\/uploads\/2019\/08\/unnamed.jpg 1600w\" sizes=\"(max-width: 788px) 100vw, 788px\" \/><p id=\"caption-attachment-6848\" class=\"wp-caption-text\">12 VAC 2018 &#8211; Ver\u00e3o Arte Contempor\u00e2nea.Destacar o berimbau da roda de capoeira e explor\u00e1-lo \u00e0 exaust\u00e3o, sempre respeitando e valorizando sua origem e sua hist\u00f3ria de resist\u00eancia, buscando suas riquezas timbr\u00edsticas e harm\u00f4nicas. Essa \u00e9 a proposta art\u00edstica do Arcomusical Brasil, grupo de berimbaus formado por seis m\u00fasicos mineiros que constroem suas carreiras transitando entre a m\u00fasica instrumental de concerto e a m\u00fasica popular.Ficha T\u00e9cnicaDIRE\u00c7\u00c3O ART\u00cdSTICA E BERIMBAU: Jos\u00e9 Henrique Soares \/ \u2022 BERIMBAUS: Mateus Oliveira, Nat\u00e1lia Mitre, Daniela Oliveira, Rafael Matos, Breno Bragan\u00e7a.@netun Lima\/VAC\/Divulga\u00e7\u00e3o<\/p><\/div>\n","protected":false},"excerpt":{"rendered":"","protected":false},"author":4,"featured_media":6845,"parent":0,"menu_order":0,"comment_status":"closed","ping_status":"closed","template":"","meta":{"_acf_changed":false,"footnotes":""},"class_list":["post-1856","page","type-page","status-publish","has-post-thumbnail","hentry"],"acf":[],"_links":{"self":[{"href":"https:\/\/www.arcomusical.com\/pt-br\/wp-json\/wp\/v2\/pages\/1856","targetHints":{"allow":["GET"]}}],"collection":[{"href":"https:\/\/www.arcomusical.com\/pt-br\/wp-json\/wp\/v2\/pages"}],"about":[{"href":"https:\/\/www.arcomusical.com\/pt-br\/wp-json\/wp\/v2\/types\/page"}],"author":[{"embeddable":true,"href":"https:\/\/www.arcomusical.com\/pt-br\/wp-json\/wp\/v2\/users\/4"}],"replies":[{"embeddable":true,"href":"https:\/\/www.arcomusical.com\/pt-br\/wp-json\/wp\/v2\/comments?post=1856"}],"version-history":[{"count":1,"href":"https:\/\/www.arcomusical.com\/pt-br\/wp-json\/wp\/v2\/pages\/1856\/revisions"}],"predecessor-version":[{"id":6851,"href":"https:\/\/www.arcomusical.com\/pt-br\/wp-json\/wp\/v2\/pages\/1856\/revisions\/6851"}],"wp:featuredmedia":[{"embeddable":true,"href":"https:\/\/www.arcomusical.com\/pt-br\/wp-json\/wp\/v2\/media\/6845"}],"wp:attachment":[{"href":"https:\/\/www.arcomusical.com\/pt-br\/wp-json\/wp\/v2\/media?parent=1856"}],"curies":[{"name":"wp","href":"https:\/\/api.w.org\/{rel}","templated":true}]}}