{"id":1851,"date":"2017-08-30T23:47:43","date_gmt":"2017-08-31T04:47:43","guid":{"rendered":"https:\/\/www.arcomusical.com\/pt-br\/?page_id=1851"},"modified":"2017-12-27T11:29:26","modified_gmt":"2017-12-27T17:29:26","slug":"mateus-oliveira","status":"publish","type":"page","link":"https:\/\/www.arcomusical.com\/pt-br\/mateus-oliveira\/","title":{"rendered":"Mateus Oliveira"},"content":{"rendered":"<h3><img fetchpriority=\"high\" decoding=\"async\" class=\"alignnone size-medium wp-image-2119\" src=\"https:\/\/www.arcomusical.com\/wp-content\/uploads\/2017\/12\/25018351_578355289176926_48663336673345536_n-300x300.jpg\" alt=\"\" width=\"300\" height=\"300\" srcset=\"https:\/\/www.arcomusical.com\/wp-content\/uploads\/2017\/12\/25018351_578355289176926_48663336673345536_n-300x300.jpg 300w, https:\/\/www.arcomusical.com\/wp-content\/uploads\/2017\/12\/25018351_578355289176926_48663336673345536_n-281x281.jpg 281w, https:\/\/www.arcomusical.com\/wp-content\/uploads\/2017\/12\/25018351_578355289176926_48663336673345536_n-100x100.jpg 100w, https:\/\/www.arcomusical.com\/wp-content\/uploads\/2017\/12\/25018351_578355289176926_48663336673345536_n-600x600.jpg 600w, https:\/\/www.arcomusical.com\/wp-content\/uploads\/2017\/12\/25018351_578355289176926_48663336673345536_n-150x150.jpg 150w, https:\/\/www.arcomusical.com\/wp-content\/uploads\/2017\/12\/25018351_578355289176926_48663336673345536_n.jpg 640w\" sizes=\"(max-width: 300px) 100vw, 300px\" \/><\/h3>\n<h3 class=\"p1\"><span class=\"s1\">&#8220;Considero as minhas experi\u00eancias no grupo Arcomusical Brasil as melhores poss\u00edveis, tendo tocando com \u00f3timos percussionistas e tamb\u00e9m grandes amigos. A m\u00fasica que fazemos sempre causa um impacto forte no p\u00fablico, que fica atra\u00eddo pelas diferentes sonoridades extra\u00eddas no berimbau e tamb\u00e9m pela forma descontra\u00edda de performance. Como aspira\u00e7\u00f5es futuras, espero ver o grupo tocando mais pelo pa\u00eds e dando oficinas e workshops sobre o berimbau. Espero tamb\u00e9m ampliar o n\u00famero de composi\u00e7\u00f5es autorais que tocamos, aumentando assim o repert\u00f3rio pr\u00f3prio de nosso grupo. Futuramente, espero ainda a produ\u00e7\u00e3o de materiais como v\u00eddeos e tamb\u00e9m a grava\u00e7\u00e3o de um CD com as composi\u00e7\u00f5es do grupo.&#8221;<\/span><\/h3>\n<h2>BIO:<\/h2>\n<p class=\"p1\"><span class=\"s1\">Mateus Oliveira \u00e9 graduado como bacharel em percuss\u00e3o pela UFMG (Universidade Federal de Minas Gerais) e tem mestrado em performance pela mesma institui\u00e7\u00e3o. Sua disserta\u00e7\u00e3o fala sobre o uso de instrumentos populares na m\u00fasica de concerto. Em 2006, concluiu o Curso de Perfeccionamiento y Postgrado Musical para Iberoamerica no Conservatorio del Liceu de Barcelona (ESP), tendo sido bolsista pela Fundaci\u00f3n Carolina, sediada na Espanha. Mateus Oliveira trabalha como professor nos cursos de Licenciatura em M\u00fasica da UNINCOR, em Tr\u00eas Cora\u00e7\u00f5es-MG, e do Instituto Metodista Izabela Hendrix, em Belo Horizonte-MG. Ele tamb\u00e9m d\u00e1 aulas na Esta\u00e7\u00e3o da M\u00fasica, em Santa B\u00e1rbara-MG. Como int\u00e9rprete se destaca por uma forma\u00e7\u00e3o vers\u00e1til nas \u00e1reas da m\u00fasica erudita e popular e j\u00e1 atuou com grupos e artistas como Cataventor\u00e9, Quebrapedra, Misturada Orquestra, Grupo Oficina M\u00fasica Viva, Matheus Rodrigues Septeto, M\u00fasica Figurata, Makely Ka, entre outros. Sua produ\u00e7\u00e3o bibliogr\u00e1fica inclui artigos publicados em congressos como o XXIV Congresso da ANPPOM (S\u00e3o Paulo-SP), I Encontro de M\u00fasica Popular na Universidade (Porto Alegre-RS) e I Encontro Brasileiro de Percuss\u00e3o (Campinas-SP). <\/span><\/p>\n","protected":false},"excerpt":{"rendered":"<p>&#8220;Considero as minhas experi\u00eancias no grupo Arcomusical Brasil as melhores poss\u00edveis, tendo tocando com \u00f3timos percussionistas e tamb\u00e9m grandes amigos. A m\u00fasica que fazemos sempre causa um impacto forte no [&hellip;]<\/p>\n","protected":false},"author":4,"featured_media":1846,"parent":0,"menu_order":0,"comment_status":"closed","ping_status":"closed","template":"","meta":{"_acf_changed":false,"footnotes":""},"class_list":["post-1851","page","type-page","status-publish","has-post-thumbnail","hentry"],"acf":[],"_links":{"self":[{"href":"https:\/\/www.arcomusical.com\/pt-br\/wp-json\/wp\/v2\/pages\/1851","targetHints":{"allow":["GET"]}}],"collection":[{"href":"https:\/\/www.arcomusical.com\/pt-br\/wp-json\/wp\/v2\/pages"}],"about":[{"href":"https:\/\/www.arcomusical.com\/pt-br\/wp-json\/wp\/v2\/types\/page"}],"author":[{"embeddable":true,"href":"https:\/\/www.arcomusical.com\/pt-br\/wp-json\/wp\/v2\/users\/4"}],"replies":[{"embeddable":true,"href":"https:\/\/www.arcomusical.com\/pt-br\/wp-json\/wp\/v2\/comments?post=1851"}],"version-history":[{"count":0,"href":"https:\/\/www.arcomusical.com\/pt-br\/wp-json\/wp\/v2\/pages\/1851\/revisions"}],"wp:featuredmedia":[{"embeddable":true,"href":"https:\/\/www.arcomusical.com\/pt-br\/wp-json\/wp\/v2\/media\/1846"}],"wp:attachment":[{"href":"https:\/\/www.arcomusical.com\/pt-br\/wp-json\/wp\/v2\/media?parent=1851"}],"curies":[{"name":"wp","href":"https:\/\/api.w.org\/{rel}","templated":true}]}}